{"id":3,"date":"2020-09-08T12:40:43","date_gmt":"2020-09-08T12:40:43","guid":{"rendered":"https:\/\/wearenerdish.com\/?page_id=3"},"modified":"2023-07-23T11:16:47","modified_gmt":"2023-07-23T11:16:47","slug":"impressum","status":"publish","type":"page","link":"https:\/\/wearenerdish.com\/de\/impressum\/","title":{"rendered":"Impressum"},"content":{"rendered":"<div class=\"wpb-content-wrapper\"><div class=\"vc_row wpb_row vc_row-fluid\"><div class=\"wpb_column vc_column_container vc_col-sm-12\"><div class=\"vc_column-inner\"><div class=\"wpb_wrapper\">\n\t<div class=\"wpb_text_column wpb_content_element\" >\n\t\t<div class=\"wpb_wrapper\">\n\t\t\t<h4><b>Angaben gem\u00e4\u00df \u00a7 5 TMG:<\/b><\/h4>\n<p>Stephanie Kurz<\/p>\n<p>We Are Nerdish \u2013 Digital Media Agency<\/p>\n<p>Saint-Andre-Stra\u00dfe 9<\/p>\n<p>75203 K\u00f6nigsbach<\/p>\n<table>\n<tbody>\n<tr>\n<td>Telefon:<\/td>\n<td>+49 (0) 7232 3646758<\/td>\n<\/tr>\n<tr>\n<td>E-Mail:<\/td>\n<td><b>impressum@wearenerdish.com<\/b><\/td>\n<\/tr>\n<\/tbody>\n<\/table>\n<p>&nbsp;<\/p>\n<h4><b>Verantwortlich f\u00fcr den Inhalt nach \u00a7 55 Abs. 2 RStV:<\/b><\/h4>\n<p>Stephanie Kurz<\/p>\n<p>Saint-Andre-Stra\u00dfe 9<\/p>\n<p>75203 K\u00f6nigsbach<\/p>\n<p>&nbsp;<\/p>\n<h4><b>Haftungsausschluss<\/b><\/h4>\n<p>Als Diensteanbieter sind wir gem\u00e4\u00df \u00a7 7 Abs.1 TMG f\u00fcr eigene Inhalte auf diesen Seiten nach den allgemeinen Gesetzen verantwortlich. Nach \u00a7\u00a7 8 bis 10 TMG sind wir als Diensteanbieter jedoch nicht verpflichtet, \u00fcbermittelte oder gespeicherte fremde Informationen zu \u00fcberwachen oder nach Umst\u00e4nden zu forschen, die auf eine rechtswidrige T\u00e4tigkeit hinweisen.<\/p>\n<p>Verpflichtungen zur Entfernung oder Sperrung der Nutzung von Informationen nach den allgemeinen Gesetzen bleiben hiervon unber\u00fchrt. Eine diesbez\u00fcgliche Haftung ist jedoch erst ab dem Zeitpunkt der Kenntnis einer konkreten Rechtsverletzung m\u00f6glich. Bei Bekanntwerden von entsprechenden Rechtsverletzungen werden wir diese Inhalte umgehend entfernen.<\/p>\n<p>&nbsp;<\/p>\n<h4><b>Haftung f\u00fcr Links<\/b><\/h4>\n<p>Unser Angebot enth\u00e4lt Links zu externen Webseiten Dritter, auf deren Inhalte wir keinen Einfluss haben. Deshalb k\u00f6nnen wir f\u00fcr diese fremden Inhalte auch keine Gew\u00e4hr \u00fcbernehmen. F\u00fcr die Inhalte der verlinkten Seiten ist stets der jeweilige Anbieter oder Betreiber der Seiten verantwortlich. Die verlinkten Seiten wurden zum Zeitpunkt der Verlinkung auf m\u00f6gliche Rechtsverst\u00f6\u00dfe \u00fcberpr\u00fcft. Rechtswidrige Inhalte waren zum Zeitpunkt der Verlinkung nicht erkennbar.<\/p>\n<p>Eine permanente inhaltliche Kontrolle der verlinkten Seiten ist jedoch ohne konkrete Anhaltspunkte einer Rechtsverletzung nicht zumutbar. Bei Bekanntwerden von Rechtsverletzungen werden wir derartige Links umgehend entfernen.<\/p>\n<p>&nbsp;<\/p>\n<h4><b>Urheberrecht<\/b><\/h4>\n<p>Die durch die Seitenbetreiber erstellten Inhalte und Werke auf diesen Seiten unterliegen dem deutschen Urheberrecht. Die Vervielf\u00e4ltigung, Bearbeitung, Verbreitung und jede Art der Verwertung au\u00dferhalb der Grenzen des Urheberrechtes bed\u00fcrfen der schriftlichen Zustimmung des jeweiligen Autors bzw. Erstellers. Downloads und Kopien dieser Seite sind nur f\u00fcr den privaten, nicht kommerziellen Gebrauch gestattet.<\/p>\n<p>Soweit die Inhalte auf dieser Seite nicht vom Betreiber erstellt wurden, werden die Urheberrechte Dritter beachtet. Insbesondere werden Inhalte Dritter als solche gekennzeichnet. Sollten Sie trotzdem auf eine Urheberrechtsverletzung aufmerksam werden, bitten wir um einen entsprechenden Hinweis. Bei Bekanntwerden von Rechtsverletzungen werden wir derartige Inhalte umgehend entfernen.<\/p>\n\n\t\t<\/div>\n\t<\/div>\n<\/div><\/div><\/div><\/div>\n<\/div>","protected":false},"excerpt":{"rendered":"<p>Angaben gem\u00e4\u00df \u00a7 5 TMG: Stephanie Kurz We Are Nerdish \u2013 Digital Media Agency Saint-Andre-Stra\u00dfe 9 75203 K\u00f6nigsbach Telefon: +49 (0) 7232 3646758 E-Mail: impressum@wearenerdish.com &nbsp; Verantwortlich f\u00fcr den Inhalt nach \u00a7 55 Abs. 2 RStV: Stephanie Kurz Saint-Andre-Stra\u00dfe 9 75203 K\u00f6nigsbach &nbsp; Haftungsausschluss Als Diensteanbieter sind wir gem\u00e4\u00df \u00a7 7 Abs.1 TMG f\u00fcr eigene&hellip;<\/p>","protected":false},"author":1,"featured_media":0,"parent":0,"menu_order":0,"comment_status":"closed","ping_status":"open","template":"","meta":{"footnotes":""},"class_list":["post-3","page","type-page","status-publish","hentry","description-off"],"yoast_head":"<!-- This site is optimized with the Yoast SEO plugin v27.6 - https:\/\/yoast.com\/product\/yoast-seo-wordpress\/ -->\n<title>Impressum - We Are Nerdish - Digital Media Agency<\/title>\n<meta name=\"robots\" content=\"index, follow, max-snippet:-1, max-image-preview:large, max-video-preview:-1\" \/>\n<link rel=\"canonical\" href=\"https:\/\/wearenerdish.com\/de\/impressum\/\" \/>\n<meta property=\"og:locale\" content=\"de_DE\" \/>\n<meta property=\"og:type\" content=\"article\" \/>\n<meta property=\"og:title\" content=\"Impressum - We Are Nerdish - Digital Media Agency\" \/>\n<meta property=\"og:url\" content=\"https:\/\/wearenerdish.com\/de\/impressum\/\" \/>\n<meta property=\"og:site_name\" content=\"We Are Nerdish - Digital Media Agency\" \/>\n<meta property=\"article:modified_time\" content=\"2023-07-23T11:16:47+00:00\" \/>\n<meta name=\"twitter:card\" content=\"summary_large_image\" \/>\n<meta name=\"twitter:label1\" content=\"Gesch\u00e4tzte Lesezeit\" \/>\n\t<meta name=\"twitter:data1\" content=\"2\u00a0Minuten\" \/>\n<script type=\"application\/ld+json\" class=\"yoast-schema-graph\">{\"@context\":\"https:\\\/\\\/schema.org\",\"@graph\":[{\"@type\":\"WebPage\",\"@id\":\"https:\\\/\\\/wearenerdish.com\\\/impressum\\\/\",\"url\":\"https:\\\/\\\/wearenerdish.com\\\/impressum\\\/\",\"name\":\"Impressum - We Are Nerdish - Digital Media Agency\",\"isPartOf\":{\"@id\":\"https:\\\/\\\/wearenerdish.com\\\/#website\"},\"datePublished\":\"2020-09-08T12:40:43+00:00\",\"dateModified\":\"2023-07-23T11:16:47+00:00\",\"breadcrumb\":{\"@id\":\"https:\\\/\\\/wearenerdish.com\\\/impressum\\\/#breadcrumb\"},\"inLanguage\":\"de\",\"potentialAction\":[{\"@type\":\"ReadAction\",\"target\":[\"https:\\\/\\\/wearenerdish.com\\\/impressum\\\/\"]}]},{\"@type\":\"BreadcrumbList\",\"@id\":\"https:\\\/\\\/wearenerdish.com\\\/impressum\\\/#breadcrumb\",\"itemListElement\":[{\"@type\":\"ListItem\",\"position\":1,\"name\":\"Home\",\"item\":\"https:\\\/\\\/wearenerdish.com\\\/\"},{\"@type\":\"ListItem\",\"position\":2,\"name\":\"Impressum\"}]},{\"@type\":\"WebSite\",\"@id\":\"https:\\\/\\\/wearenerdish.com\\\/#website\",\"url\":\"https:\\\/\\\/wearenerdish.com\\\/\",\"name\":\"We Are Nerdish - Digital Media Agency\",\"description\":\"Video, Photo, Social Marketing\",\"potentialAction\":[{\"@type\":\"SearchAction\",\"target\":{\"@type\":\"EntryPoint\",\"urlTemplate\":\"https:\\\/\\\/wearenerdish.com\\\/?s={search_term_string}\"},\"query-input\":{\"@type\":\"PropertyValueSpecification\",\"valueRequired\":true,\"valueName\":\"search_term_string\"}}],\"inLanguage\":\"de\"}]}<\/script>\n<!-- \/ Yoast SEO plugin. -->","yoast_head_json":{"title":"Impressum - We Are Nerdish - Digital Media Agency","robots":{"index":"index","follow":"follow","max-snippet":"max-snippet:-1","max-image-preview":"max-image-preview:large","max-video-preview":"max-video-preview:-1"},"canonical":"https:\/\/wearenerdish.com\/de\/impressum\/","og_locale":"de_DE","og_type":"article","og_title":"Impressum - We Are Nerdish - Digital Media Agency","og_url":"https:\/\/wearenerdish.com\/de\/impressum\/","og_site_name":"We Are Nerdish - Digital Media Agency","article_modified_time":"2023-07-23T11:16:47+00:00","twitter_card":"summary_large_image","twitter_misc":{"Gesch\u00e4tzte Lesezeit":"2\u00a0Minuten"},"schema":{"@context":"https:\/\/schema.org","@graph":[{"@type":"WebPage","@id":"https:\/\/wearenerdish.com\/impressum\/","url":"https:\/\/wearenerdish.com\/impressum\/","name":"Impressum - We Are Nerdish - Digital Media Agency","isPartOf":{"@id":"https:\/\/wearenerdish.com\/#website"},"datePublished":"2020-09-08T12:40:43+00:00","dateModified":"2023-07-23T11:16:47+00:00","breadcrumb":{"@id":"https:\/\/wearenerdish.com\/impressum\/#breadcrumb"},"inLanguage":"de","potentialAction":[{"@type":"ReadAction","target":["https:\/\/wearenerdish.com\/impressum\/"]}]},{"@type":"BreadcrumbList","@id":"https:\/\/wearenerdish.com\/impressum\/#breadcrumb","itemListElement":[{"@type":"ListItem","position":1,"name":"Home","item":"https:\/\/wearenerdish.com\/"},{"@type":"ListItem","position":2,"name":"Impressum"}]},{"@type":"WebSite","@id":"https:\/\/wearenerdish.com\/#website","url":"https:\/\/wearenerdish.com\/","name":"We Are Nerdish \u2013 Digitale Medien Agentur","description":"Video, Foto, Sosialmarketing","potentialAction":[{"@type":"SearchAction","target":{"@type":"EntryPoint","urlTemplate":"https:\/\/wearenerdish.com\/?s={search_term_string}"},"query-input":{"@type":"PropertyValueSpecification","valueRequired":true,"valueName":"search_term_string"}}],"inLanguage":"de"}]}},"jetpack_sharing_enabled":true,"_links":{"self":[{"href":"https:\/\/wearenerdish.com\/de\/wp-json\/wp\/v2\/pages\/3","targetHints":{"allow":["GET"]}}],"collection":[{"href":"https:\/\/wearenerdish.com\/de\/wp-json\/wp\/v2\/pages"}],"about":[{"href":"https:\/\/wearenerdish.com\/de\/wp-json\/wp\/v2\/types\/page"}],"author":[{"embeddable":true,"href":"https:\/\/wearenerdish.com\/de\/wp-json\/wp\/v2\/users\/1"}],"replies":[{"embeddable":true,"href":"https:\/\/wearenerdish.com\/de\/wp-json\/wp\/v2\/comments?post=3"}],"version-history":[{"count":9,"href":"https:\/\/wearenerdish.com\/de\/wp-json\/wp\/v2\/pages\/3\/revisions"}],"predecessor-version":[{"id":2606,"href":"https:\/\/wearenerdish.com\/de\/wp-json\/wp\/v2\/pages\/3\/revisions\/2606"}],"wp:attachment":[{"href":"https:\/\/wearenerdish.com\/de\/wp-json\/wp\/v2\/media?parent=3"}],"curies":[{"name":"wp","href":"https:\/\/api.w.org\/{rel}","templated":true}]}}